{"id":168,"date":"2025-03-05T21:34:53","date_gmt":"2025-03-05T19:34:53","guid":{"rendered":"https:\/\/maitevillabeitia.com\/escuela\/?page_id=168"},"modified":"2025-03-05T22:21:55","modified_gmt":"2025-03-05T20:21:55","slug":"condiciones-de-compra-y-contratacion","status":"publish","type":"page","link":"https:\/\/maitevillabeitia.com\/escuela\/condiciones-de-compra-y-contratacion\/","title":{"rendered":"Condiciones de Compra y Contrataci\u00f3n"},"content":{"rendered":"\t\t<div data-elementor-type=\"wp-page\" data-elementor-id=\"168\" class=\"elementor elementor-168\" data-elementor-post-type=\"page\">\n\t\t\t\t\t\t<section class=\"elementor-section elementor-top-section elementor-element elementor-element-e484b7d elementor-section-boxed elementor-section-height-default elementor-section-height-default\" data-id=\"e484b7d\" data-element_type=\"section\">\n\t\t\t\t\t\t<div class=\"elementor-container elementor-column-gap-default\">\n\t\t\t\t\t<div class=\"elementor-column elementor-col-100 elementor-top-column elementor-element elementor-element-92cb311\" data-id=\"92cb311\" data-element_type=\"column\">\n\t\t\t<div class=\"elementor-widget-wrap elementor-element-populated\">\n\t\t\t\t\t\t<div class=\"elementor-element elementor-element-a22153a elementor-widget elementor-widget-heading\" data-id=\"a22153a\" data-element_type=\"widget\" data-widget_type=\"heading.default\">\n\t\t\t\t<div class=\"elementor-widget-container\">\n\t\t\t\t\t<h2 class=\"elementor-heading-title elementor-size-default\">Condiciones de compra y contrataci\u00f3n<\/h2>\t\t\t\t<\/div>\n\t\t\t\t<\/div>\n\t\t\t\t<div class=\"elementor-element elementor-element-7c9a34c elementor-widget elementor-widget-text-editor\" data-id=\"7c9a34c\" data-element_type=\"widget\" data-widget_type=\"text-editor.default\">\n\t\t\t\t<div class=\"elementor-widget-container\">\n\t\t\t\t\t\t\t\t\t<p><span style=\"font-weight: 400;\">Te quiero informar de todo lo que necesitas saber antes de adquirir cualquiera de mis cursos online o contratar mis servicios.<\/span><\/p><p><span style=\"font-weight: 400;\">Y es que\u00a0<\/span><b>como compradora tienes una serie de derechos a la hora de adquirir estos productos o servicios, por lo que me gustar\u00eda que no te fueras sin conocerlos.<\/b><\/p><p><span style=\"font-weight: 400;\">Estas condiciones de contrataci\u00f3n rigen la relaci\u00f3n entre Maite Villabeitia Urrutia y todas las usuarias que adquieran productos o contraten mis servicios personales a trav\u00e9s de maitevillabeitia.com, y\u00a0<\/span><b>ser\u00e1n vinculantes desde el momento en que se realice cualquier transacci\u00f3n econ\u00f3mica.<\/b><\/p><p><span style=\"font-weight: 400;\">Como consumidora, debes saber siempre a qui\u00e9n le est\u00e1s comprando y a qui\u00e9n debes reclamar en caso de que algo no haya ido como esperabas. La\u00a0<\/span><a href=\"http:\/\/www.boe.es\/buscar\/doc.php?id=BOE-A-2002-13758\"><span style=\"font-weight: 400;\">Ley 34\/2002 de Servicios de la Sociedad de La Informaci\u00f3n y del Comercio Electr\u00f3nico<\/span><\/a><span style=\"font-weight: 400;\">\u00a0(LSSICE), dice que est\u00e1s en tu derecho de identificar al vendedor.<\/span><\/p><p><span style=\"font-weight: 400;\">Como usuaria,\u00a0<\/span><b>s\u00f3lo puedes contratar mis servicios o productos despu\u00e9s de leer y aceptar estas condiciones de contrataci\u00f3n<\/b><span style=\"font-weight: 400;\">. Si aceptas estas condiciones, quedas vinculada por estos t\u00e9rminos que, junto con mi\u00a0pol\u00edtica de privacidad, rigen nuestra relaci\u00f3n comercial.<\/span><\/p><p><span style=\"font-weight: 400;\">Como responsable de esta web que soy, me reservo el derecho a modificar estas condiciones. Si lo hago, no te preocupes: lo notificar\u00e9 en mi web.<\/span><\/p><p><b>\u00bfQui\u00e9n soy yo?<\/b><\/p><p><span style=\"font-weight: 400;\">Mi nombre completo es\u00a0<\/span><b>Maite Villabeitia Urrutia<\/b><span style=\"font-weight: 400;\">\u00a0y mi NIF es\u00a0<\/span><b>30627433N<\/b><span style=\"font-weight: 400;\">. Mi domicilio social est\u00e1 en\u00a0<\/span><b>Bilbao<\/b><span style=\"font-weight: 400;\">, concretamente en la calle Colon de Larreategui 26 (48010, Bilbao). La actividad a la que me dedico es a la Psicolog\u00eda y al coaching\u00a0y mi correo electr\u00f3nico es\u00a0<\/span><b>hola@maitevillabeitia.com\u00a0<\/b><span style=\"font-weight: 400;\">y estoy a cargo de las<\/span><b>\u00a0webs maitevillabeitia.com y\u00a0maitevillabeitia.com\/escuela<\/b><\/p><p><b>Aceptaci\u00f3n y prueba de aceptaci\u00f3n<\/b><\/p><p><span style=\"font-weight: 400;\">Si vas a adquirir cualquiera de mis\u00a0<\/span><b>formaciones online<\/b><span style=\"font-weight: 400;\">, debes dirigirte a la p\u00e1gina de venta correspondiente y hacer clic en \u201cME APUNTO\u201d o \u201cACCEDER AHORA\u201d (seg\u00fan corresponda), suponiendo esto que aceptas las condiciones de contrataci\u00f3n que aqu\u00ed aparecen.<\/span><\/p><p><span style=\"font-weight: 400;\">Por otra parte, si lo que contratas son\u00a0<\/span><b>mis servicios<\/b><span style=\"font-weight: 400;\">, a trav\u00e9s del env\u00edo del formulario que rellenar\u00e1s previamente estar\u00e1s aceptando las condiciones de contrataci\u00f3n tal y como se muestran en esta p\u00e1gina, un poco m\u00e1s adelante.<\/span><\/p><p><span style=\"font-weight: 400;\">Desde el momento de la aceptaci\u00f3n de la compra, pasar\u00e1s de ser usuaria a ser mi cliente (tambi\u00e9n llamada alumna). Un poco m\u00e1s abajo te cuento las condiciones particulares de cada uno.<\/span><\/p><p><span style=\"font-weight: 400;\">\u00a0<\/span><\/p><p><b>Validaci\u00f3n de la compra o contrataci\u00f3n<\/b><\/p><p><span style=\"font-weight: 400;\">En el caso de\u00a0<\/span><b>los cursos online<\/b><span style=\"font-weight: 400;\">, el proceso de validaci\u00f3n de la compra es autom\u00e1tico. Nada m\u00e1s efect\u00faes el pago a trav\u00e9s de la p\u00e1gina maitevillabeitia.com, recibir\u00e1s una confirmaci\u00f3n y un recibo de tu compra que incluye las instrucciones para acceder al contenido del curso que hayas adquirido.<\/span><\/p><p><span style=\"font-weight: 400;\">Si contratas mis\u00a0<\/span><b>servicios<\/b><span style=\"font-weight: 400;\">, el proceso de validaci\u00f3n de la contrataci\u00f3n se har\u00e1 cuando lleguemos a un acuerdo por escrito (normalmente un email) para empezar el servicio. Nada m\u00e1s efect\u00faes el pago, recibir\u00e1s una confirmaci\u00f3n por mi parte de que comienzo el servicio contratado y la factura del mismo.<\/span><\/p><p><span style=\"font-weight: 400;\">\u00a0<\/span><\/p><p><b>Plazos de entrega<\/b><\/p><p><span style=\"font-weight: 400;\">En el caso de mis productos, los env\u00edos de las instrucciones y claves de acceso a los cursos se realizar\u00e1n autom\u00e1ticamente una vez se haga efectivo el pago. En el caso de mis servicios, el plazo depender\u00e1 de lo acordado antes de empezar el servicio.<\/span><\/p><p><span style=\"font-weight: 400;\">\u00a0<\/span><\/p><p><b>Condiciones y formas de pago<\/b><\/p><p><span style=\"font-weight: 400;\">Como comprador, te comprometes a abonar el precio de los productos adquiridos en estas formas de pago aceptadas:<\/span><\/p><ul><li style=\"font-weight: 400;\" aria-level=\"1\"><span style=\"font-weight: 400;\">Tarjeta (a trav\u00e9s de Stripe y PayPal)<\/span><\/li><li style=\"font-weight: 400;\" aria-level=\"1\"><span style=\"font-weight: 400;\">Transferencia bancaria<\/span><\/li><\/ul><p><span style=\"font-weight: 400;\">*No se acepta ning\u00fan otro m\u00e9todo de pago<\/span><\/p><p><span style=\"font-weight: 400;\">\u00a0<\/span><\/p><p><b>Protecci\u00f3n de datos<\/b><\/p><p><span style=\"font-weight: 400;\">Cuando me des tus datos y en virtud de la LOPD (<\/span><a href=\"https:\/\/www.boe.es\/buscar\/doc.php?id=BOE-A-2018-16673\"><span style=\"font-weight: 400;\">Ley Org\u00e1nica 3\/2018, de 5 de diciembre, de Protecci\u00f3n de Datos de Car\u00e1cter Personal<\/span><\/a><span style=\"font-weight: 400;\">), te garantizo:<\/span><\/p><ul><li style=\"font-weight: 400;\" aria-level=\"1\"><span style=\"font-weight: 400;\">La confidencialidad de tus datos personales aportados para el acceso a los productos y el desarrollo de los servicios contratados<\/span><\/li><li style=\"font-weight: 400;\" aria-level=\"1\"><span style=\"font-weight: 400;\">La no utilizaci\u00f3n tus datos para un fin distinto al indicado en estas condiciones<\/span><\/li><li style=\"font-weight: 400;\" aria-level=\"1\"><span style=\"font-weight: 400;\">La no cesi\u00f3n de los datos a personas ajenas al cumplimiento de los acuerdos derivados de la prestaci\u00f3n del servicio<\/span><\/li><\/ul><p><span style=\"font-weight: 400;\">Y como tanto t\u00fa como yo somos partes de un acuerdo,\u00a0<\/span><b>debemos comprometernos a mantener la confidencialidad de toda la informaci\u00f3n que intercambiemos,<\/b><span style=\"font-weight: 400;\">\u00a0no revendi\u00e9ndola a nadie sin el consentimiento previo y por escrito de la otra parte, excepto que\u00a0sea requerido legalmente por cualquier autoridad judicial o administrativa.<\/span><\/p><p><span style=\"font-weight: 400;\">En el supuesto que durante el tiempo que trabajemos juntas yo tuviera acceso a bases de datos que sean de tu propiedad, para el cumplimiento del contrato, me asegurar\u00e9 de cumplir lo que indica la Ley Org\u00e1nica 3\/2018, de 5 de diciembre, de Protecci\u00f3n de Datos de Car\u00e1cter Personal.<\/span><\/p><p><span style=\"font-weight: 400;\">\u00a0<\/span><\/p><p><b>Normativa Europea de Consumo<\/b><\/p><p><span style=\"font-weight: 400;\">La\u00a0Comisi\u00f3n Europea ha creado la primera plataforma a nivel europeo para la resoluci\u00f3n de conflictos en el comercio \u201conline\u201d y amparada en la \u00faltima ley del consumidor.<\/span><\/p><p><span style=\"font-weight: 400;\">Eso es fant\u00e1stico porque,\u00a0<\/span><b>en el caso de tener un conflicto, puedes recurrir a ella<\/b><span style=\"font-weight: 400;\">\u00a0desde este enlace\u00a0<\/span><a href=\"http:\/\/ec.europa.eu\/odr\"><span style=\"font-weight: 400;\">http:\/\/ec.europa.eu\/odr<\/span><\/a><span style=\"font-weight: 400;\">\u00a0para efectuar cualquier reclamaci\u00f3n relacionada con las transacciones electr\u00f3nicas \u00a0que hagas en esta o cualquier web.<\/span><\/p><p><span style=\"font-weight: 400;\">\u00a0<\/span><\/p><p><b>Jurisdicci\u00f3n<\/b><\/p><p><span style=\"font-weight: 400;\">Mediante el uso de los contenidos y servicios demaitevillabeitia.com,\u00a0<\/span><b>aceptas las condiciones aqu\u00ed expuestas (que son las que indica la normativa legal vigente de la legislaci\u00f3n espa\u00f1ola) y son las que tendremos en cuenta para cualquier posible conflicto o litigio legal,<\/b><span style=\"font-weight: 400;\">\u00a0del que se encargar\u00e1n los tribunales pertinentes.<\/span><\/p><p><span style=\"font-weight: 400;\">En el caso en que t\u00fa seas adem\u00e1s de una usuaria de la web, una cliente, seg\u00fan lo establecido en el art\u00edculo 3 del Real Decreto Legislativo 1\/2007 de 16 de Noviembre, de la Ley General para la Defensa de los Consumidores y Usuarios, me someter\u00e9 a la jurisdicci\u00f3n de los tribunales que se encarguen del caso.<\/span><\/p><p><b>\u00a1Y eso es todo! Espero que disfrutes mucho de tu experiencia con mis servicios <\/b><b>\ud83d\ude42<\/b><\/p>\t\t\t\t\t\t\t\t<\/div>\n\t\t\t\t<\/div>\n\t\t\t\t\t<\/div>\n\t\t<\/div>\n\t\t\t\t\t<\/div>\n\t\t<\/section>\n\t\t\t\t<\/div>\n\t\t","protected":false},"excerpt":{"rendered":"<p>Condiciones de compra y contrataci\u00f3n Te quiero informar de todo lo que necesitas saber antes de adquirir cualquiera de mis cursos online o contratar mis servicios. Y es que\u00a0como compradora tienes una serie de derechos a la hora de adquirir estos productos o servicios, por lo que me gustar\u00eda que no te fueras sin conocerlos. [&hellip;]<\/p>\n","protected":false},"author":8,"featured_media":0,"parent":0,"menu_order":0,"comment_status":"closed","ping_status":"closed","template":"","meta":{"footnotes":""},"class_list":["post-168","page","type-page","status-publish","hentry"],"yoast_head":"<!-- This site is optimized with the Yoast SEO plugin v26.9 - https:\/\/yoast.com\/product\/yoast-seo-wordpress\/ -->\n<title>Condiciones de Compra y Contrataci\u00f3n - Escuela Maite Villabeitia<\/title>\n<meta name=\"robots\" content=\"noindex, follow, max-snippet:-1, max-image-preview:large, max-video-preview:-1\" \/>\n<meta property=\"og:locale\" content=\"es_ES\" \/>\n<meta property=\"og:type\" content=\"article\" \/>\n<meta property=\"og:title\" content=\"Condiciones de Compra y Contrataci\u00f3n - Escuela Maite Villabeitia\" \/>\n<meta property=\"og:description\" content=\"Condiciones de compra y contrataci\u00f3n Te quiero informar de todo lo que necesitas saber antes de adquirir cualquiera de mis cursos online o contratar mis servicios. Y es que\u00a0como compradora tienes una serie de derechos a la hora de adquirir estos productos o servicios, por lo que me gustar\u00eda que no te fueras sin conocerlos. [&hellip;]\" \/>\n<meta property=\"og:url\" content=\"https:\/\/maitevillabeitia.com\/escuela\/condiciones-de-compra-y-contratacion\/\" \/>\n<meta property=\"og:site_name\" content=\"Escuela Maite Villabeitia\" \/>\n<meta property=\"article:modified_time\" content=\"2025-03-05T20:21:55+00:00\" \/>\n<meta name=\"twitter:card\" content=\"summary_large_image\" \/>\n<meta name=\"twitter:label1\" content=\"Tiempo de lectura\" \/>\n\t<meta name=\"twitter:data1\" content=\"5 minutos\" \/>\n<script type=\"application\/ld+json\" class=\"yoast-schema-graph\">{\"@context\":\"https:\/\/schema.org\",\"@graph\":[{\"@type\":\"WebPage\",\"@id\":\"https:\/\/maitevillabeitia.com\/escuela\/condiciones-de-compra-y-contratacion\/\",\"url\":\"https:\/\/maitevillabeitia.com\/escuela\/condiciones-de-compra-y-contratacion\/\",\"name\":\"Condiciones de Compra y Contrataci\u00f3n - Escuela Maite Villabeitia\",\"isPartOf\":{\"@id\":\"https:\/\/maitevillabeitia.com\/escuela\/#website\"},\"datePublished\":\"2025-03-05T19:34:53+00:00\",\"dateModified\":\"2025-03-05T20:21:55+00:00\",\"breadcrumb\":{\"@id\":\"https:\/\/maitevillabeitia.com\/escuela\/condiciones-de-compra-y-contratacion\/#breadcrumb\"},\"inLanguage\":\"es\",\"potentialAction\":[{\"@type\":\"ReadAction\",\"target\":[\"https:\/\/maitevillabeitia.com\/escuela\/condiciones-de-compra-y-contratacion\/\"]}]},{\"@type\":\"BreadcrumbList\",\"@id\":\"https:\/\/maitevillabeitia.com\/escuela\/condiciones-de-compra-y-contratacion\/#breadcrumb\",\"itemListElement\":[{\"@type\":\"ListItem\",\"position\":1,\"name\":\"Inicio\",\"item\":\"https:\/\/maitevillabeitia.com\/escuela\/\"},{\"@type\":\"ListItem\",\"position\":2,\"name\":\"Condiciones de Compra y Contrataci\u00f3n\"}]},{\"@type\":\"WebSite\",\"@id\":\"https:\/\/maitevillabeitia.com\/escuela\/#website\",\"url\":\"https:\/\/maitevillabeitia.com\/escuela\/\",\"name\":\"Escuela Maite Villabeitia\",\"description\":\"Escuela Maite Villabeitia\",\"publisher\":{\"@id\":\"https:\/\/maitevillabeitia.com\/escuela\/#organization\"},\"potentialAction\":[{\"@type\":\"SearchAction\",\"target\":{\"@type\":\"EntryPoint\",\"urlTemplate\":\"https:\/\/maitevillabeitia.com\/escuela\/?s={search_term_string}\"},\"query-input\":{\"@type\":\"PropertyValueSpecification\",\"valueRequired\":true,\"valueName\":\"search_term_string\"}}],\"inLanguage\":\"es\"},{\"@type\":\"Organization\",\"@id\":\"https:\/\/maitevillabeitia.com\/escuela\/#organization\",\"name\":\"Escuela Maite Villabeitia\",\"url\":\"https:\/\/maitevillabeitia.com\/escuela\/\",\"logo\":{\"@type\":\"ImageObject\",\"inLanguage\":\"es\",\"@id\":\"https:\/\/maitevillabeitia.com\/escuela\/#\/schema\/logo\/image\/\",\"url\":\"https:\/\/maitevillabeitia.com\/escuela\/wp-content\/uploads\/2025\/03\/Maite_Villabeitia_logotipo-1.png.webp\",\"contentUrl\":\"https:\/\/maitevillabeitia.com\/escuela\/wp-content\/uploads\/2025\/03\/Maite_Villabeitia_logotipo-1.png.webp\",\"width\":320,\"height\":120,\"caption\":\"Escuela Maite Villabeitia\"},\"image\":{\"@id\":\"https:\/\/maitevillabeitia.com\/escuela\/#\/schema\/logo\/image\/\"}}]}<\/script>\n<!-- \/ Yoast SEO plugin. -->","yoast_head_json":{"title":"Condiciones de Compra y Contrataci\u00f3n - Escuela Maite Villabeitia","robots":{"index":"noindex","follow":"follow","max-snippet":"max-snippet:-1","max-image-preview":"max-image-preview:large","max-video-preview":"max-video-preview:-1"},"og_locale":"es_ES","og_type":"article","og_title":"Condiciones de Compra y Contrataci\u00f3n - Escuela Maite Villabeitia","og_description":"Condiciones de compra y contrataci\u00f3n Te quiero informar de todo lo que necesitas saber antes de adquirir cualquiera de mis cursos online o contratar mis servicios. Y es que\u00a0como compradora tienes una serie de derechos a la hora de adquirir estos productos o servicios, por lo que me gustar\u00eda que no te fueras sin conocerlos. [&hellip;]","og_url":"https:\/\/maitevillabeitia.com\/escuela\/condiciones-de-compra-y-contratacion\/","og_site_name":"Escuela Maite Villabeitia","article_modified_time":"2025-03-05T20:21:55+00:00","twitter_card":"summary_large_image","twitter_misc":{"Tiempo de lectura":"5 minutos"},"schema":{"@context":"https:\/\/schema.org","@graph":[{"@type":"WebPage","@id":"https:\/\/maitevillabeitia.com\/escuela\/condiciones-de-compra-y-contratacion\/","url":"https:\/\/maitevillabeitia.com\/escuela\/condiciones-de-compra-y-contratacion\/","name":"Condiciones de Compra y Contrataci\u00f3n - Escuela Maite Villabeitia","isPartOf":{"@id":"https:\/\/maitevillabeitia.com\/escuela\/#website"},"datePublished":"2025-03-05T19:34:53+00:00","dateModified":"2025-03-05T20:21:55+00:00","breadcrumb":{"@id":"https:\/\/maitevillabeitia.com\/escuela\/condiciones-de-compra-y-contratacion\/#breadcrumb"},"inLanguage":"es","potentialAction":[{"@type":"ReadAction","target":["https:\/\/maitevillabeitia.com\/escuela\/condiciones-de-compra-y-contratacion\/"]}]},{"@type":"BreadcrumbList","@id":"https:\/\/maitevillabeitia.com\/escuela\/condiciones-de-compra-y-contratacion\/#breadcrumb","itemListElement":[{"@type":"ListItem","position":1,"name":"Inicio","item":"https:\/\/maitevillabeitia.com\/escuela\/"},{"@type":"ListItem","position":2,"name":"Condiciones de Compra y Contrataci\u00f3n"}]},{"@type":"WebSite","@id":"https:\/\/maitevillabeitia.com\/escuela\/#website","url":"https:\/\/maitevillabeitia.com\/escuela\/","name":"Escuela Maite Villabeitia","description":"Escuela Maite Villabeitia","publisher":{"@id":"https:\/\/maitevillabeitia.com\/escuela\/#organization"},"potentialAction":[{"@type":"SearchAction","target":{"@type":"EntryPoint","urlTemplate":"https:\/\/maitevillabeitia.com\/escuela\/?s={search_term_string}"},"query-input":{"@type":"PropertyValueSpecification","valueRequired":true,"valueName":"search_term_string"}}],"inLanguage":"es"},{"@type":"Organization","@id":"https:\/\/maitevillabeitia.com\/escuela\/#organization","name":"Escuela Maite Villabeitia","url":"https:\/\/maitevillabeitia.com\/escuela\/","logo":{"@type":"ImageObject","inLanguage":"es","@id":"https:\/\/maitevillabeitia.com\/escuela\/#\/schema\/logo\/image\/","url":"https:\/\/maitevillabeitia.com\/escuela\/wp-content\/uploads\/2025\/03\/Maite_Villabeitia_logotipo-1.png.webp","contentUrl":"https:\/\/maitevillabeitia.com\/escuela\/wp-content\/uploads\/2025\/03\/Maite_Villabeitia_logotipo-1.png.webp","width":320,"height":120,"caption":"Escuela Maite Villabeitia"},"image":{"@id":"https:\/\/maitevillabeitia.com\/escuela\/#\/schema\/logo\/image\/"}}]}},"_links":{"self":[{"href":"https:\/\/maitevillabeitia.com\/escuela\/wp-json\/wp\/v2\/pages\/168","targetHints":{"allow":["GET"]}}],"collection":[{"href":"https:\/\/maitevillabeitia.com\/escuela\/wp-json\/wp\/v2\/pages"}],"about":[{"href":"https:\/\/maitevillabeitia.com\/escuela\/wp-json\/wp\/v2\/types\/page"}],"author":[{"embeddable":true,"href":"https:\/\/maitevillabeitia.com\/escuela\/wp-json\/wp\/v2\/users\/8"}],"replies":[{"embeddable":true,"href":"https:\/\/maitevillabeitia.com\/escuela\/wp-json\/wp\/v2\/comments?post=168"}],"version-history":[{"count":10,"href":"https:\/\/maitevillabeitia.com\/escuela\/wp-json\/wp\/v2\/pages\/168\/revisions"}],"predecessor-version":[{"id":214,"href":"https:\/\/maitevillabeitia.com\/escuela\/wp-json\/wp\/v2\/pages\/168\/revisions\/214"}],"wp:attachment":[{"href":"https:\/\/maitevillabeitia.com\/escuela\/wp-json\/wp\/v2\/media?parent=168"}],"curies":[{"name":"wp","href":"https:\/\/api.w.org\/{rel}","templated":true}]}}