{"id":57,"date":"2024-08-05T12:47:30","date_gmt":"2024-08-05T10:47:30","guid":{"rendered":"https:\/\/dac.vxv.mybluehost.me\/escuela\/registro-de-estudiante\/"},"modified":"2025-02-19T14:51:25","modified_gmt":"2025-02-19T12:51:25","slug":"registro-de-estudiante","status":"publish","type":"page","link":"https:\/\/maitevillabeitia.com\/escuela\/registro-de-estudiante\/","title":{"rendered":"Registro de Estudiante"},"content":{"rendered":"\n\n\t<div id=\"tutor-registration-wrap\">\n\n\t\t\n\t\t<form method=\"post\" enctype=\"multipart\/form-data\" id=\"tutor-registration-form\">\n\t\t\t<input type=\"hidden\" name=\"tutor_course_enroll_attempt\" value=\"\">\n\t\t\t\n\t\t\t<input type=\"hidden\" id=\"_tutor_nonce\" name=\"_tutor_nonce\" value=\"d8ba3e0c78\" \/><input type=\"hidden\" name=\"_wp_http_referer\" value=\"\/escuela\/wp-json\/wp\/v2\/pages\/57\" \/>\t\t\t<input type=\"hidden\" value=\"tutor_register_student\" name=\"tutor_action\"\/>\n\n\t\t\t\n\t\t\t<div class=\"tutor-form-row\">\n\t\t\t\t<div class=\"tutor-form-col-6\">\n\t\t\t\t\t<div class=\"tutor-form-group\">\n\t\t\t\t\t\t<label>\n\t\t\t\t\t\t\tNombre\t\t\t\t\t\t<\/label>\n\n\t\t\t\t\t\t<input type=\"text\" name=\"first_name\" value=\"\" placeholder=\"Nombre\" required autocomplete=\"given-name\">\n\t\t\t\t\t<\/div>\n\t\t\t\t<\/div>\n\n\t\t\t\t<div class=\"tutor-form-col-6\">\n\t\t\t\t\t<div class=\"tutor-form-group\">\n\t\t\t\t\t\t<label>\n\t\t\t\t\t\t\tApellidos\t\t\t\t\t\t<\/label>\n\n\t\t\t\t\t\t<input type=\"text\" name=\"last_name\" value=\"\" placeholder=\"Apellidos\" required autocomplete=\"family-name\">\n\t\t\t\t\t<\/div>\n\t\t\t\t<\/div>\n\n\t\t\t<\/div>\n\n\t\t\t<div class=\"tutor-form-row\">\n\t\t\t\t<div class=\"tutor-form-col-6\">\n\t\t\t\t\t<div class=\"tutor-form-group\">\n\t\t\t\t\t\t<label>\n\t\t\t\t\t\t\tNombre de usuario\t\t\t\t\t\t<\/label>\n\n\t\t\t\t\t\t<input type=\"text\" name=\"user_login\" class=\"tutor_user_name\" value=\"\" placeholder=\"Nombre de usuario\" required autocomplete=\"username\">\n\t\t\t\t\t<\/div>\n\t\t\t\t<\/div>\n\n\t\t\t\t<div class=\"tutor-form-col-6\">\n\t\t\t\t\t<div class=\"tutor-form-group\">\n\t\t\t\t\t\t<label>\n\t\t\t\t\t\t\tCorreo electr\u00f3nico\t\t\t\t\t\t<\/label>\n\n\t\t\t\t\t\t<input type=\"text\" name=\"email\" value=\"\" placeholder=\"Correo electr\u00f3nico\" required autocomplete=\"email\">\n\t\t\t\t\t<\/div>\n\t\t\t\t<\/div>\n\n\t\t\t<\/div>\n\n\t\t\t<div class=\"tutor-form-row\">\n\t\t\t\t<div class=\"tutor-form-col-6\">\n\t\t\t\t\t<div class=\"tutor-form-group\">\n\t\t\t\t\t\t<div class=\"tutor-password-strength-checker\">\n\t\t\t\t\t\t\t<div class=\"tutor-password-field\">\n\t\t\t\t\t\t\t\t<label>\n\t\t\t\t\t\t\t\t\tContrase\u00f1a\t\t\t\t\t\t\t\t<\/label>\n\n\t\t\t\t\t\t\t\t<input class=\"password-checker\" id=\"tutor-new-password\" type=\"password\" name=\"password\" value=\"\" placeholder=\"Contrase\u00f1a\" required autocomplete=\"new-password\" style=\"margin-bottom: 0;\">\n\t\t\t\t\t\t\t\t<span class=\"show-hide-btn\"><\/span>\n\t\t\t\t\t\t\t<\/div>\n\n\t\t\t\t\t\t\t<div class=\"tutor-password-strength-hint\">\n\t\t\t\t\t\t\t\t<div class=\"indicator\">\n\t\t\t\t\t\t\t\t\t<span class=\"weak\"><\/span>\n\t\t\t\t\t\t\t\t\t<span class=\"medium\"><\/span>\n\t\t\t\t\t\t\t\t\t<span class=\"strong\"><\/span>\n\t\t\t\t\t\t\t\t<\/div>\n\t\t\t\t\t\t\t\t<div class=\"text tutor-fs-7 tutor-color-muted\"><\/div>\n\t\t\t\t\t\t\t<\/div>\n\t\t\t\t\t\t<\/div>\n\t\t\t\t\t<\/div>\n\t\t\t\t<\/div>\n\n\t\t\t\t<div class=\"tutor-form-col-6\">\n\t\t\t\t\t<div class=\"tutor-form-group\">\n\t\t\t\t\t\t<label>\n\t\t\t\t\t\t\tConfirmaci\u00f3n de contrase\u00f1a\t\t\t\t\t\t<\/label>\n\n\t\t\t\t\t\t<div class=\"tutor-form-wrap\">\n\t\t\t\t\t\t\t<span class=\"tutor-validation-icon tutor-icon-mark tutor-color-success tutor-form-icon tutor-form-icon-reverse\" style=\"display: none;\"><\/span>\n\t\t\t\t\t\t\t<input type=\"password\" name=\"password_confirmation\" value=\"\" placeholder=\"Confirmaci\u00f3n de contrase\u00f1a\" required autocomplete=\"new-password\" style=\"margin-bottom: 0;\">\n\t\t\t\t\t\t<\/div>\n\t\t\t\t\t<\/div>\n\t\t\t\t<\/div>\n\t\t\t<\/div>\n\n\n\t\t\t<div class=\"tutor-form-row\">\n\t\t\t\t<div class=\"tutor-form-col-12\">\n\t\t\t\t\t<div class=\"tutor-form-group\">\n\t\t\t\t\t\t\t\t\t\t<\/div>\n\t\t\t\t<\/div>\n\t\t\t<\/div>    \n\n\t\t\t\n\t\t\t\t\t\t\n\t\t\t<div>\n\t\t\t\t<button type=\"submit\" name=\"tutor_register_student_btn\" value=\"register\" class=\"tutor-btn tutor-btn-primary tutor-btn-block\">Reg\u00edstrate<\/button>\n\t\t\t<\/div>\n\t\t\t\t\t\t\n\t\t<\/form>\n\t\t\t\t\n\t<\/div>\n\t","protected":false},"excerpt":{"rendered":"<p>Nombre Apellidos Nombre de usuario Correo electr\u00f3nico Contrase\u00f1a Confirmaci\u00f3n de contrase\u00f1a Reg\u00edstrate<\/p>\n","protected":false},"author":2,"featured_media":0,"parent":0,"menu_order":0,"comment_status":"closed","ping_status":"closed","template":"","meta":{"footnotes":""},"class_list":["post-57","page","type-page","status-publish","hentry"],"yoast_head":"<!-- This site is optimized with the Yoast SEO plugin v26.9 - https:\/\/yoast.com\/product\/yoast-seo-wordpress\/ -->\n<title>Registro de Estudiante - Escuela Maite Villabeitia<\/title>\n<meta name=\"robots\" content=\"noindex, nofollow\" \/>\n<meta property=\"og:locale\" content=\"es_ES\" \/>\n<meta property=\"og:type\" content=\"article\" \/>\n<meta property=\"og:title\" content=\"Registro de Estudiante - Escuela Maite Villabeitia\" \/>\n<meta property=\"og:description\" content=\"Nombre Apellidos Nombre de usuario Correo electr\u00f3nico Contrase\u00f1a Confirmaci\u00f3n de contrase\u00f1a Reg\u00edstrate\" \/>\n<meta property=\"og:url\" content=\"https:\/\/maitevillabeitia.com\/escuela\/registro-de-estudiante\/\" \/>\n<meta property=\"og:site_name\" content=\"Escuela Maite Villabeitia\" \/>\n<meta property=\"article:modified_time\" content=\"2025-02-19T12:51:25+00:00\" \/>\n<meta name=\"twitter:card\" content=\"summary_large_image\" \/>\n<meta name=\"twitter:label1\" content=\"Tiempo de lectura\" \/>\n\t<meta name=\"twitter:data1\" content=\"1 minuto\" \/>\n<script type=\"application\/ld+json\" class=\"yoast-schema-graph\">{\"@context\":\"https:\/\/schema.org\",\"@graph\":[{\"@type\":\"WebPage\",\"@id\":\"https:\/\/maitevillabeitia.com\/escuela\/registro-de-estudiante\/\",\"url\":\"https:\/\/maitevillabeitia.com\/escuela\/registro-de-estudiante\/\",\"name\":\"Registro de Estudiante - Escuela Maite Villabeitia\",\"isPartOf\":{\"@id\":\"https:\/\/maitevillabeitia.com\/escuela\/#website\"},\"datePublished\":\"2024-08-05T10:47:30+00:00\",\"dateModified\":\"2025-02-19T12:51:25+00:00\",\"breadcrumb\":{\"@id\":\"https:\/\/maitevillabeitia.com\/escuela\/registro-de-estudiante\/#breadcrumb\"},\"inLanguage\":\"es\",\"potentialAction\":[{\"@type\":\"ReadAction\",\"target\":[\"https:\/\/maitevillabeitia.com\/escuela\/registro-de-estudiante\/\"]}]},{\"@type\":\"BreadcrumbList\",\"@id\":\"https:\/\/maitevillabeitia.com\/escuela\/registro-de-estudiante\/#breadcrumb\",\"itemListElement\":[{\"@type\":\"ListItem\",\"position\":1,\"name\":\"Inicio\",\"item\":\"https:\/\/maitevillabeitia.com\/escuela\/\"},{\"@type\":\"ListItem\",\"position\":2,\"name\":\"Registro de Estudiante\"}]},{\"@type\":\"WebSite\",\"@id\":\"https:\/\/maitevillabeitia.com\/escuela\/#website\",\"url\":\"https:\/\/maitevillabeitia.com\/escuela\/\",\"name\":\"Escuela Maite Villabeitia\",\"description\":\"Escuela Maite Villabeitia\",\"publisher\":{\"@id\":\"https:\/\/maitevillabeitia.com\/escuela\/#organization\"},\"potentialAction\":[{\"@type\":\"SearchAction\",\"target\":{\"@type\":\"EntryPoint\",\"urlTemplate\":\"https:\/\/maitevillabeitia.com\/escuela\/?s={search_term_string}\"},\"query-input\":{\"@type\":\"PropertyValueSpecification\",\"valueRequired\":true,\"valueName\":\"search_term_string\"}}],\"inLanguage\":\"es\"},{\"@type\":\"Organization\",\"@id\":\"https:\/\/maitevillabeitia.com\/escuela\/#organization\",\"name\":\"Escuela Maite Villabeitia\",\"url\":\"https:\/\/maitevillabeitia.com\/escuela\/\",\"logo\":{\"@type\":\"ImageObject\",\"inLanguage\":\"es\",\"@id\":\"https:\/\/maitevillabeitia.com\/escuela\/#\/schema\/logo\/image\/\",\"url\":\"https:\/\/maitevillabeitia.com\/escuela\/wp-content\/uploads\/2025\/03\/Maite_Villabeitia_logotipo-1.png.webp\",\"contentUrl\":\"https:\/\/maitevillabeitia.com\/escuela\/wp-content\/uploads\/2025\/03\/Maite_Villabeitia_logotipo-1.png.webp\",\"width\":320,\"height\":120,\"caption\":\"Escuela Maite Villabeitia\"},\"image\":{\"@id\":\"https:\/\/maitevillabeitia.com\/escuela\/#\/schema\/logo\/image\/\"}}]}<\/script>\n<!-- \/ Yoast SEO plugin. -->","yoast_head_json":{"title":"Registro de Estudiante - Escuela Maite Villabeitia","robots":{"index":"noindex","follow":"nofollow"},"og_locale":"es_ES","og_type":"article","og_title":"Registro de Estudiante - Escuela Maite Villabeitia","og_description":"Nombre Apellidos Nombre de usuario Correo electr\u00f3nico Contrase\u00f1a Confirmaci\u00f3n de contrase\u00f1a Reg\u00edstrate","og_url":"https:\/\/maitevillabeitia.com\/escuela\/registro-de-estudiante\/","og_site_name":"Escuela Maite Villabeitia","article_modified_time":"2025-02-19T12:51:25+00:00","twitter_card":"summary_large_image","twitter_misc":{"Tiempo de lectura":"1 minuto"},"schema":{"@context":"https:\/\/schema.org","@graph":[{"@type":"WebPage","@id":"https:\/\/maitevillabeitia.com\/escuela\/registro-de-estudiante\/","url":"https:\/\/maitevillabeitia.com\/escuela\/registro-de-estudiante\/","name":"Registro de Estudiante - Escuela Maite Villabeitia","isPartOf":{"@id":"https:\/\/maitevillabeitia.com\/escuela\/#website"},"datePublished":"2024-08-05T10:47:30+00:00","dateModified":"2025-02-19T12:51:25+00:00","breadcrumb":{"@id":"https:\/\/maitevillabeitia.com\/escuela\/registro-de-estudiante\/#breadcrumb"},"inLanguage":"es","potentialAction":[{"@type":"ReadAction","target":["https:\/\/maitevillabeitia.com\/escuela\/registro-de-estudiante\/"]}]},{"@type":"BreadcrumbList","@id":"https:\/\/maitevillabeitia.com\/escuela\/registro-de-estudiante\/#breadcrumb","itemListElement":[{"@type":"ListItem","position":1,"name":"Inicio","item":"https:\/\/maitevillabeitia.com\/escuela\/"},{"@type":"ListItem","position":2,"name":"Registro de Estudiante"}]},{"@type":"WebSite","@id":"https:\/\/maitevillabeitia.com\/escuela\/#website","url":"https:\/\/maitevillabeitia.com\/escuela\/","name":"Escuela Maite Villabeitia","description":"Escuela Maite Villabeitia","publisher":{"@id":"https:\/\/maitevillabeitia.com\/escuela\/#organization"},"potentialAction":[{"@type":"SearchAction","target":{"@type":"EntryPoint","urlTemplate":"https:\/\/maitevillabeitia.com\/escuela\/?s={search_term_string}"},"query-input":{"@type":"PropertyValueSpecification","valueRequired":true,"valueName":"search_term_string"}}],"inLanguage":"es"},{"@type":"Organization","@id":"https:\/\/maitevillabeitia.com\/escuela\/#organization","name":"Escuela Maite Villabeitia","url":"https:\/\/maitevillabeitia.com\/escuela\/","logo":{"@type":"ImageObject","inLanguage":"es","@id":"https:\/\/maitevillabeitia.com\/escuela\/#\/schema\/logo\/image\/","url":"https:\/\/maitevillabeitia.com\/escuela\/wp-content\/uploads\/2025\/03\/Maite_Villabeitia_logotipo-1.png.webp","contentUrl":"https:\/\/maitevillabeitia.com\/escuela\/wp-content\/uploads\/2025\/03\/Maite_Villabeitia_logotipo-1.png.webp","width":320,"height":120,"caption":"Escuela Maite Villabeitia"},"image":{"@id":"https:\/\/maitevillabeitia.com\/escuela\/#\/schema\/logo\/image\/"}}]}},"_links":{"self":[{"href":"https:\/\/maitevillabeitia.com\/escuela\/wp-json\/wp\/v2\/pages\/57","targetHints":{"allow":["GET"]}}],"collection":[{"href":"https:\/\/maitevillabeitia.com\/escuela\/wp-json\/wp\/v2\/pages"}],"about":[{"href":"https:\/\/maitevillabeitia.com\/escuela\/wp-json\/wp\/v2\/types\/page"}],"author":[{"embeddable":true,"href":"https:\/\/maitevillabeitia.com\/escuela\/wp-json\/wp\/v2\/users\/2"}],"replies":[{"embeddable":true,"href":"https:\/\/maitevillabeitia.com\/escuela\/wp-json\/wp\/v2\/comments?post=57"}],"version-history":[{"count":1,"href":"https:\/\/maitevillabeitia.com\/escuela\/wp-json\/wp\/v2\/pages\/57\/revisions"}],"predecessor-version":[{"id":124,"href":"https:\/\/maitevillabeitia.com\/escuela\/wp-json\/wp\/v2\/pages\/57\/revisions\/124"}],"wp:attachment":[{"href":"https:\/\/maitevillabeitia.com\/escuela\/wp-json\/wp\/v2\/media?parent=57"}],"curies":[{"name":"wp","href":"https:\/\/api.w.org\/{rel}","templated":true}]}}